{"id":57,"date":"2020-10-24T11:19:11","date_gmt":"2020-10-24T09:19:11","guid":{"rendered":"http:\/\/www.aufildemae.com\/?post_type=product&#038;p=57"},"modified":"2020-10-24T11:36:55","modified_gmt":"2020-10-24T09:36:55","slug":"bavoirs-polyester-coton-broderie-machine-6","status":"publish","type":"product","link":"https:\/\/deltainformatique.org\/PHP\/filmae\/index.php\/produit\/bavoirs-polyester-coton-broderie-machine-6\/","title":{"rendered":"Bavoirs polyester\/coton Broderie machine"},"content":{"rendered":"","protected":false},"excerpt":{"rendered":"<p>Peut \u00eatre personnalis\u00e9 au pr\u00e9nom de l&rsquo;enfant<\/p>\n","protected":false},"featured_media":63,"comment_status":"open","ping_status":"closed","template":"","meta":[],"product_brand":[],"product_cat":[17],"product_tag":[],"class_list":{"0":"post-57","1":"product","2":"type-product","3":"status-publish","4":"has-post-thumbnail","6":"product_cat-bavoirs","7":"latest_post","9":"first","10":"instock","11":"purchasable","12":"product-type-simple"},"_links":{"self":[{"href":"https:\/\/deltainformatique.org\/PHP\/filmae\/index.php\/wp-json\/wp\/v2\/product\/57","targetHints":{"allow":["GET"]}}],"collection":[{"href":"https:\/\/deltainformatique.org\/PHP\/filmae\/index.php\/wp-json\/wp\/v2\/product"}],"about":[{"href":"https:\/\/deltainformatique.org\/PHP\/filmae\/index.php\/wp-json\/wp\/v2\/types\/product"}],"replies":[{"embeddable":true,"href":"https:\/\/deltainformatique.org\/PHP\/filmae\/index.php\/wp-json\/wp\/v2\/comments?post=57"}],"wp:featuredmedia":[{"embeddable":true,"href":"https:\/\/deltainformatique.org\/PHP\/filmae\/index.php\/wp-json\/wp\/v2\/media\/63"}],"wp:attachment":[{"href":"https:\/\/deltainformatique.org\/PHP\/filmae\/index.php\/wp-json\/wp\/v2\/media?parent=57"}],"wp:term":[{"taxonomy":"product_brand","embeddable":true,"href":"https:\/\/deltainformatique.org\/PHP\/filmae\/index.php\/wp-json\/wp\/v2\/product_brand?post=57"},{"taxonomy":"product_cat","embeddable":true,"href":"https:\/\/deltainformatique.org\/PHP\/filmae\/index.php\/wp-json\/wp\/v2\/product_cat?post=57"},{"taxonomy":"product_tag","embeddable":true,"href":"https:\/\/deltainformatique.org\/PHP\/filmae\/index.php\/wp-json\/wp\/v2\/product_tag?post=57"}],"curies":[{"name":"wp","href":"https:\/\/api.w.org\/{rel}","templated":true}]}}