{"id":64,"date":"2020-10-24T12:15:02","date_gmt":"2020-10-24T10:15:02","guid":{"rendered":"http:\/\/www.aufildemae.com\/?post_type=product&#038;p=64"},"modified":"2020-10-24T12:15:03","modified_gmt":"2020-10-24T10:15:03","slug":"masque-adulte","status":"publish","type":"product","link":"https:\/\/deltainformatique.org\/PHP\/filmae\/index.php\/produit\/masque-adulte\/","title":{"rendered":"Masque adulte"},"content":{"rendered":"","protected":false},"excerpt":{"rendered":"<p>100% coton 3 \u00e9paisseurs dont la premi\u00e8re brod\u00e9e<\/p>\n","protected":false},"featured_media":65,"comment_status":"open","ping_status":"closed","template":"","meta":[],"product_brand":[],"product_cat":[18],"product_tag":[],"class_list":{"0":"post-64","1":"product","2":"type-product","3":"status-publish","4":"has-post-thumbnail","6":"product_cat-masque","7":"latest_post","9":"first","10":"instock","11":"purchasable","12":"product-type-simple"},"_links":{"self":[{"href":"https:\/\/deltainformatique.org\/PHP\/filmae\/index.php\/wp-json\/wp\/v2\/product\/64","targetHints":{"allow":["GET"]}}],"collection":[{"href":"https:\/\/deltainformatique.org\/PHP\/filmae\/index.php\/wp-json\/wp\/v2\/product"}],"about":[{"href":"https:\/\/deltainformatique.org\/PHP\/filmae\/index.php\/wp-json\/wp\/v2\/types\/product"}],"replies":[{"embeddable":true,"href":"https:\/\/deltainformatique.org\/PHP\/filmae\/index.php\/wp-json\/wp\/v2\/comments?post=64"}],"wp:featuredmedia":[{"embeddable":true,"href":"https:\/\/deltainformatique.org\/PHP\/filmae\/index.php\/wp-json\/wp\/v2\/media\/65"}],"wp:attachment":[{"href":"https:\/\/deltainformatique.org\/PHP\/filmae\/index.php\/wp-json\/wp\/v2\/media?parent=64"}],"wp:term":[{"taxonomy":"product_brand","embeddable":true,"href":"https:\/\/deltainformatique.org\/PHP\/filmae\/index.php\/wp-json\/wp\/v2\/product_brand?post=64"},{"taxonomy":"product_cat","embeddable":true,"href":"https:\/\/deltainformatique.org\/PHP\/filmae\/index.php\/wp-json\/wp\/v2\/product_cat?post=64"},{"taxonomy":"product_tag","embeddable":true,"href":"https:\/\/deltainformatique.org\/PHP\/filmae\/index.php\/wp-json\/wp\/v2\/product_tag?post=64"}],"curies":[{"name":"wp","href":"https:\/\/api.w.org\/{rel}","templated":true}]}}