{"id":33,"date":"2020-11-25T18:30:11","date_gmt":"2020-11-25T17:30:11","guid":{"rendered":"https:\/\/www.une-pause-nomade.fr\/?page_id=33"},"modified":"2025-11-24T13:06:09","modified_gmt":"2025-11-24T12:06:09","slug":"a-propos-de-moi","status":"publish","type":"page","link":"https:\/\/deltainformatique.org\/PHP\/unepausenomade\/index.php\/a-propos-de-moi\/","title":{"rendered":"A propos de Moi"},"content":{"rendered":"\n<figure class=\"wp-block-image size-large is-resized\"><img loading=\"lazy\" decoding=\"async\" width=\"818\" height=\"1024\" src=\"..\/wp-content\/uploads\/2020\/11\/IMG-7213-818x1024.jpg\" alt=\"\" class=\"wp-image-54\" style=\"width:172px;height:215px\" srcset=\"https:\/\/deltainformatique.org\/PHP\/unepausenomade\/wp-content\/uploads\/2020\/11\/IMG-7213-818x1024.jpg 818w, https:\/\/deltainformatique.org\/PHP\/unepausenomade\/wp-content\/uploads\/2020\/11\/IMG-7213-240x300.jpg 240w, https:\/\/deltainformatique.org\/PHP\/unepausenomade\/wp-content\/uploads\/2020\/11\/IMG-7213-768x961.jpg 768w, https:\/\/deltainformatique.org\/PHP\/unepausenomade\/wp-content\/uploads\/2020\/11\/IMG-7213-1227x1536.jpg 1227w, https:\/\/deltainformatique.org\/PHP\/unepausenomade\/wp-content\/uploads\/2020\/11\/IMG-7213.jpg 1543w\" sizes=\"auto, (max-width: 818px) 100vw, 818px\" \/><\/figure>\n\n\n\n<p>Je suis titulaire d&rsquo;un CAP esth\u00e9tique, cosm\u00e9tique et parfumerie avec les options soins du corps et proth\u00e9sie ongulaire.<\/p>\n\n\n\n<p>Sur rendez vous au 06 16 48 49 36.<\/p>\n\n\n\n<p>Domicile : Secteur g\u00e9ographique de Marly la Ville, Senlis &amp; Grandfresnoy. Horaire du Lundi au Vendredi de 09h00 \u00e0 19h00 et un Samedi sur deux de 09h00 \u00e0 18h00.<\/p>\n\n\n\n<p>Au salon  de coiffure \u00ab\u00a0Stef Coiff \u00a0\u00bb : 5 rue Perronet 60700 Pont Sainte Maxence, un samedi sur deux de 9h00 \u00e0 18h00 sous le nom de \u00ab\u00a0Laeti Esttik\u00a0\u00bb by Une pause Nomade.  Sur rendez vous uniquement, r\u00e9servation au 06 13 94 03 39.<\/p>\n\n\n\n<p>Facebook: Laeti Contesse; Une pause Nomade; Laeti Esttik.              Instagram: Laeti Contesse                                                                                                                                                                           <\/p>\n\n\n\n<div class=\"wp-block-contact-form-7-contact-form-selector\">\n<div class=\"wpcf7 no-js\" id=\"wpcf7-f28-o1\" lang=\"fr-FR\" dir=\"ltr\" data-wpcf7-id=\"28\">\n<div class=\"screen-reader-response\"><p role=\"status\" aria-live=\"polite\" aria-atomic=\"true\"><\/p> <ul><\/ul><\/div>\n<form action=\"\/PHP\/unepausenomade\/index.php\/wp-json\/wp\/v2\/pages\/33#wpcf7-f28-o1\" method=\"post\" class=\"wpcf7-form init\" aria-label=\"Formulaire de contact\" novalidate=\"novalidate\" data-status=\"init\">\n<fieldset class=\"hidden-fields-container\"><input type=\"hidden\" name=\"_wpcf7\" value=\"28\" \/><input type=\"hidden\" name=\"_wpcf7_version\" value=\"6.1.5\" \/><input type=\"hidden\" name=\"_wpcf7_locale\" value=\"fr_FR\" \/><input type=\"hidden\" name=\"_wpcf7_unit_tag\" value=\"wpcf7-f28-o1\" \/><input type=\"hidden\" name=\"_wpcf7_container_post\" value=\"0\" \/><input type=\"hidden\" name=\"_wpcf7_posted_data_hash\" value=\"\" \/>\n<\/fieldset>\n<p><label> Votre Nom (Obligatoire)<br \/>\n<span class=\"wpcf7-form-control-wrap\" data-name=\"your-name\"><input size=\"40\" maxlength=\"400\" class=\"wpcf7-form-control wpcf7-text wpcf7-validates-as-required\" aria-required=\"true\" aria-invalid=\"false\" value=\"\" type=\"text\" name=\"your-name\" \/><\/span> <\/label>\n<\/p>\n<p><label> Votre email (Obligatoire)<br \/>\n<span class=\"wpcf7-form-control-wrap\" data-name=\"your-email\"><input size=\"40\" maxlength=\"400\" class=\"wpcf7-form-control wpcf7-email wpcf7-validates-as-required wpcf7-text wpcf7-validates-as-email\" aria-required=\"true\" aria-invalid=\"false\" value=\"\" type=\"email\" name=\"your-email\" \/><\/span> <\/label>\n<\/p>\n<p><label> Objet<br \/>\n<span class=\"wpcf7-form-control-wrap\" data-name=\"your-subject\"><input size=\"40\" maxlength=\"400\" class=\"wpcf7-form-control wpcf7-text wpcf7-validates-as-required\" aria-required=\"true\" aria-invalid=\"false\" value=\"\" type=\"text\" name=\"your-subject\" \/><\/span> <\/label>\n<\/p>\n<p><label> Description (facultatif)<br \/>\n<span class=\"wpcf7-form-control-wrap\" data-name=\"your-message\"><textarea cols=\"40\" rows=\"10\" maxlength=\"2000\" class=\"wpcf7-form-control wpcf7-textarea\" aria-invalid=\"false\" name=\"your-message\"><\/textarea><\/span> <\/label>\n<\/p>\n<p><input class=\"wpcf7-form-control wpcf7-submit has-spinner\" type=\"submit\" value=\"Envoyer\" \/>\n<\/p><p style=\"display: none !important;\" class=\"akismet-fields-container\" data-prefix=\"_wpcf7_ak_\"><label>&#916;<textarea name=\"_wpcf7_ak_hp_textarea\" cols=\"45\" rows=\"8\" maxlength=\"100\"><\/textarea><\/label><input type=\"hidden\" id=\"ak_js_1\" name=\"_wpcf7_ak_js\" value=\"107\"\/><script>document.getElementById( \"ak_js_1\" ).setAttribute( \"value\", ( new Date() ).getTime() );<\/script><\/p><div class=\"wpcf7-response-output\" aria-hidden=\"true\"><\/div>\n<\/form>\n<\/div>\n<\/div>\n","protected":false},"excerpt":{"rendered":"<p>Je suis titulaire d&rsquo;un CAP esth\u00e9tique, cosm\u00e9tique et parfumerie avec les options soins du corps &hellip; <\/p>\n","protected":false},"author":2,"featured_media":0,"parent":0,"menu_order":0,"comment_status":"closed","ping_status":"closed","template":"","meta":{"footnotes":""},"class_list":["post-33","page","type-page","status-publish","hentry","latest_post"],"_links":{"self":[{"href":"https:\/\/deltainformatique.org\/PHP\/unepausenomade\/index.php\/wp-json\/wp\/v2\/pages\/33","targetHints":{"allow":["GET"]}}],"collection":[{"href":"https:\/\/deltainformatique.org\/PHP\/unepausenomade\/index.php\/wp-json\/wp\/v2\/pages"}],"about":[{"href":"https:\/\/deltainformatique.org\/PHP\/unepausenomade\/index.php\/wp-json\/wp\/v2\/types\/page"}],"author":[{"embeddable":true,"href":"https:\/\/deltainformatique.org\/PHP\/unepausenomade\/index.php\/wp-json\/wp\/v2\/users\/2"}],"replies":[{"embeddable":true,"href":"https:\/\/deltainformatique.org\/PHP\/unepausenomade\/index.php\/wp-json\/wp\/v2\/comments?post=33"}],"version-history":[{"count":1,"href":"https:\/\/deltainformatique.org\/PHP\/unepausenomade\/index.php\/wp-json\/wp\/v2\/pages\/33\/revisions"}],"predecessor-version":[{"id":280,"href":"https:\/\/deltainformatique.org\/PHP\/unepausenomade\/index.php\/wp-json\/wp\/v2\/pages\/33\/revisions\/280"}],"wp:attachment":[{"href":"https:\/\/deltainformatique.org\/PHP\/unepausenomade\/index.php\/wp-json\/wp\/v2\/media?parent=33"}],"curies":[{"name":"wp","href":"https:\/\/api.w.org\/{rel}","templated":true}]}}