{"id":44,"date":"2020-11-25T19:07:41","date_gmt":"2020-11-25T18:07:41","guid":{"rendered":"https:\/\/www.une-pause-nomade.fr\/?page_id=44"},"modified":"2025-11-24T13:10:57","modified_gmt":"2025-11-24T12:10:57","slug":"bienvenue","status":"publish","type":"page","link":"https:\/\/deltainformatique.org\/PHP\/unepausenomade\/","title":{"rendered":"Bienvenue"},"content":{"rendered":"<div class=\"wp-block-image is-style-rounded\">\n<figure class=\"aligncenter size-large\"><img loading=\"lazy\" decoding=\"async\" width=\"424\" height=\"283\" src=\"..\/wp-content\/uploads\/2020\/11\/58686638_2333898813520754_4230649950289002496_n.jpg\" alt=\"\" class=\"wp-image-75\" srcset=\"https:\/\/deltainformatique.org\/PHP\/unepausenomade\/wp-content\/uploads\/2020\/11\/58686638_2333898813520754_4230649950289002496_n.jpg 424w, https:\/\/deltainformatique.org\/PHP\/unepausenomade\/wp-content\/uploads\/2020\/11\/58686638_2333898813520754_4230649950289002496_n-300x200.jpg 300w\" sizes=\"auto, (max-width: 424px) 100vw, 424px\" \/><\/figure>\n<\/div>\n\n\n<p>Bienvenue sur le site \u00ab\u00a0Une pause Nomade\u00a0\u00bb ainsi que celui de \u00ab\u00a0Laeti Esttik\u00a0\u00bb by Une pause Nomade.<\/p>\n\n\n\n<p>Je vous propose mon expertise d&rsquo;esth\u00e9ticienne professionnelle \u00e0 domicile.  Je  r\u00e9alise les m\u00eames soins et prestations esth\u00e9tique que dans un institut de beaut\u00e9.<\/p>\n\n\n\n<p>Avec \u00ab\u00a0Une pause Nomade\u00a0\u00bb, je vous propose un moment de beaut\u00e9, de d\u00e9tente, de douceur et de bien \u00eatre.<\/p>\n\n\n<div class=\"wp-block-image is-style-rounded\">\n<figure class=\"alignright size-large\"><img loading=\"lazy\" decoding=\"async\" width=\"800\" height=\"600\" src=\"..\/wp-content\/uploads\/2020\/11\/58606399_2333898836854085_6770027558500040704_n.jpg\" alt=\"\" class=\"wp-image-76\" srcset=\"https:\/\/deltainformatique.org\/PHP\/unepausenomade\/wp-content\/uploads\/2020\/11\/58606399_2333898836854085_6770027558500040704_n.jpg 800w, https:\/\/deltainformatique.org\/PHP\/unepausenomade\/wp-content\/uploads\/2020\/11\/58606399_2333898836854085_6770027558500040704_n-300x225.jpg 300w, https:\/\/deltainformatique.org\/PHP\/unepausenomade\/wp-content\/uploads\/2020\/11\/58606399_2333898836854085_6770027558500040704_n-768x576.jpg 768w\" sizes=\"auto, (max-width: 800px) 100vw, 800px\" \/><\/figure>\n<\/div>","protected":false},"excerpt":{"rendered":"<p>Bienvenue sur le site \u00ab\u00a0Une pause Nomade\u00a0\u00bb ainsi que celui de \u00ab\u00a0Laeti Esttik\u00a0\u00bb by Une &hellip; <\/p>\n","protected":false},"author":2,"featured_media":0,"parent":0,"menu_order":0,"comment_status":"closed","ping_status":"closed","template":"","meta":{"footnotes":""},"class_list":["post-44","page","type-page","status-publish","hentry","latest_post"],"_links":{"self":[{"href":"https:\/\/deltainformatique.org\/PHP\/unepausenomade\/index.php\/wp-json\/wp\/v2\/pages\/44","targetHints":{"allow":["GET"]}}],"collection":[{"href":"https:\/\/deltainformatique.org\/PHP\/unepausenomade\/index.php\/wp-json\/wp\/v2\/pages"}],"about":[{"href":"https:\/\/deltainformatique.org\/PHP\/unepausenomade\/index.php\/wp-json\/wp\/v2\/types\/page"}],"author":[{"embeddable":true,"href":"https:\/\/deltainformatique.org\/PHP\/unepausenomade\/index.php\/wp-json\/wp\/v2\/users\/2"}],"replies":[{"embeddable":true,"href":"https:\/\/deltainformatique.org\/PHP\/unepausenomade\/index.php\/wp-json\/wp\/v2\/comments?post=44"}],"version-history":[{"count":2,"href":"https:\/\/deltainformatique.org\/PHP\/unepausenomade\/index.php\/wp-json\/wp\/v2\/pages\/44\/revisions"}],"predecessor-version":[{"id":285,"href":"https:\/\/deltainformatique.org\/PHP\/unepausenomade\/index.php\/wp-json\/wp\/v2\/pages\/44\/revisions\/285"}],"wp:attachment":[{"href":"https:\/\/deltainformatique.org\/PHP\/unepausenomade\/index.php\/wp-json\/wp\/v2\/media?parent=44"}],"curies":[{"name":"wp","href":"https:\/\/api.w.org\/{rel}","templated":true}]}}